{"id":1500,"date":"2020-11-19T09:00:00","date_gmt":"2020-11-19T08:00:00","guid":{"rendered":"https:\/\/teresa-isabella.de\/?page_id=1500"},"modified":"2026-03-28T11:40:43","modified_gmt":"2026-03-28T10:40:43","slug":"datenschutzerklarung","status":"publish","type":"page","link":"https:\/\/teresa-isabella.de\/?page_id=1500","title":{"rendered":"Impressum\/Datenschutz"},"content":{"rendered":"\n<h3 class=\"wp-block-heading\">Einleitung und allgemeine Angaben<\/h3>\n\n\n\n<p>Vielen Dank f\u00fcr Ihr Interesse an unserer Website. Der Schutz Ihrer personenbezogenen Daten ist uns ein sehr wichtiges Anliegen. Im Folgenden finden Sie Informationen zum Umgang mit Ihren Daten, die durch Ihre Nutzung unserer Website erfasst werden. Die Verarbeitung Ihrer Daten erfolgt entsprechend den gesetzlichen Regelungen zum Datenschutz.<\/p>\n\n\n\n<h3 class=\"wp-block-heading\">Verantwortliche Stelle im Sinne des Datenschutzrechts<\/h3>\n\n\n\n<p>Teresa Isabella Mayer<br>dancingpoopay+at+googlemail.com<\/p>\n\n\n\n<h3 class=\"wp-block-heading\">Begriffsbestimmungen<\/h3>\n\n\n\n<p>Unsere Datenschutzerkl\u00e4rung soll f\u00fcr jedermann einfach und verst\u00e4ndlich sein. In dieser Datenschutzerkl\u00e4rung werden in der Regel die offiziellen Begriffe der Datenschutzgrundverordnung (DSGVO) verwendet. Die offiziellen Begriffsbestimmungen werden in Art. 4 DSGVO erl\u00e4utert.<\/p>\n\n\n\n<h3 class=\"wp-block-heading\">Datenverarbeitung durch den Besuch unserer Website<\/h3>\n\n\n\n<p>Wenn Sie unsere Webseiten aufrufen, ist es technisch notwendig, dass \u00fcber Ihren Internetbrowser Daten an unseren Webserver \u00fcbermittelt werden. Folgende Daten werden w\u00e4hrend einer laufenden Verbindung zur Kommunikation zwischen Ihrem Internetbrowser und unserem Webserver aufgezeichnet:<\/p>\n\n\n\n<ul class=\"wp-block-list\">\n<li>Datum und Uhrzeit der Anforderung<\/li>\n\n\n\n<li>Name der angeforderten Datei<\/li>\n\n\n\n<li>Seite, von der aus die Datei angefordert wurde<\/li>\n\n\n\n<li>Zugriffsstatus<\/li>\n\n\n\n<li>Verwendeter Webbrowser und verwendetes Betriebssystem<\/li>\n\n\n\n<li>(Vollst\u00e4ndige) IP-Adresse des anfordernden Rechners<\/li>\n\n\n\n<li>\u00dcbertragene Datenmenge<\/li>\n<\/ul>\n\n\n\n<p>Die aufgelisteten Daten erheben wir, um einen reibungslosen Verbindungsaufbau der Website zu gew\u00e4hrleisten und eine komfortable Nutzung unserer Website durch die Nutzer zu erm\u00f6glichen. Zudem dient die Logdatei der Auswertung der Systemsicherheit und -stabilit\u00e4t sowie administrativen Zwecken. Rechtsgrundlage f\u00fcr die vor\u00fcbergehende Speicherung der Daten bzw. der Logfiles ist Art. 6 Abs. 1 lit. f DSGVO.<\/p>\n\n\n\n<h3 class=\"wp-block-heading\">Cookies<\/h3>\n\n\n\n<p>Unsere Website setzt Cookies ein, die vom Browser auf Ihrem Ger\u00e4t gespeichert werden und die bestimmte Einstellungen zur Nutzung der Website enthalten (z. B. zur laufende Sitzung). Cookies dienen dazu, unser Angebot nutzerfreundlicher, effektiver und sicherer zu machen. Cookies sind kleine Textdateien, die auf Ihrem Rechner abgelegt werden und die Ihr Browser speichert. Die meisten der von uns verwendeten Cookies sind so genannte Session-Cookies, welche nach dem Schlie\u00dfen des Browsers automatisch gel\u00f6scht werden. Andere Cookies bleiben auf Ihrem Endger\u00e4t gespeichert, bis Sie diese l\u00f6schen oder die Speicherdauer abl\u00e4uft. Diese Cookies erm\u00f6glichen es uns, Ihren Browser beim n\u00e4chsten Besuch wiederzuerkennen.<\/p>\n\n\n\n<p>Teilweise dienen die Cookies dazu, durch Speicherung von Einstellungen Websiteprozesse zu vereinfachen (z. B. das Vorhalten bereits ausgew\u00e4hlter Optionen). Sofern durch einzelne von uns implementierte Cookies auch personenbezogene Daten verarbeitet werden, erfolgt die Verarbeitung gem\u00e4\u00df Art. 6 Abs. 1 lit. b DSGVO entweder zur Durchf\u00fchrung des Vertrages oder gem\u00e4\u00df Art. 6 Abs. 1 lit. f DSGVO zur Wahrung unserer berechtigten Interessen an der bestm\u00f6glichen Funktionalit\u00e4t der Website sowie einer kundenfreundlichen und effektiven Ausgestaltung des Seitenbesuchs. Sie k\u00f6nnen Ihren Browser so einstellen, dass Sie \u00fcber das Setzen von Cookies informiert werden und Cookies nur im Einzelfall erlauben, die Annahme von Cookies f\u00fcr bestimmte F\u00e4lle oder generell ausschlie\u00dfen sowie das automatische L\u00f6schen der Cookies beim Schlie\u00dfen des Browsers aktivieren. Die Cookie Einstellungen k\u00f6nnen unter den folgenden Links f\u00fcr die jeweiligen Browser verwaltet werden.<\/p>\n\n\n\n<ul class=\"wp-block-list\">\n<li>Firefox:&nbsp;<a href=\"https:\/\/support.mozilla.org\/de\/kb\/cookies-erlauben-und-ablehnen\" target=\"_blank\" rel=\"noreferrer noopener\">https:\/\/support.mozilla.org\/de\/kb\/cookies-erlauben-und-ablehnen<\/a><\/li>\n\n\n\n<li>Internet Explorer:&nbsp;<a href=\"http:\/\/windows.microsoft.com\/de-DE\/windows-vista\/Block-or-allow-cookies\" target=\"_blank\" rel=\"noreferrer noopener\">http:\/\/windows.microsoft.com\/de-DE\/windows-vista\/Block-or-allow-cookies<\/a><\/li>\n\n\n\n<li>Chrome:&nbsp;<a href=\"http:\/\/support.google.com\/chrome\/bin\/answer.py?hl=de&amp;hlrm=en&amp;answer=95647\" target=\"_blank\" rel=\"noreferrer noopener\">http:\/\/support.google.com\/chrome\/bin\/answer.py?hl=de&amp;hlrm=en&amp;answer=95647<\/a><\/li>\n\n\n\n<li>Safari:&nbsp;<a href=\"https:\/\/support.apple.com\/kb\/ph21411?locale=de_DE\" target=\"_blank\" rel=\"noreferrer noopener\">https:\/\/support.apple.com\/kb\/ph21411?locale=de_DE<\/a><\/li>\n\n\n\n<li>Opera:&nbsp;<a href=\"https:\/\/help.opera.com\/en\/latest\/web-preferences\/#cookies\" target=\"_blank\" rel=\"noreferrer noopener\">https:\/\/help.opera.com\/en\/latest\/web-preferences\/#cookies<\/a><\/li>\n<\/ul>\n\n\n\n<p>Sie k\u00f6nnen auch die Cookies vieler Unternehmen und Funktionen einzeln verwalten, die f\u00fcr Werbung eingesetzt werden. Verwenden Sie dazu die entsprechenden Nutzertools, abrufbar unter&nbsp;<a href=\"https:\/\/www.aboutads.info\/choices\/\" rel=\"noreferrer noopener\" target=\"_blank\">https:\/\/www.aboutads.info\/choices\/<\/a>&nbsp;oder&nbsp;<a href=\"http:\/\/www.youronlinechoices.com\/uk\/your-ad-choices\" rel=\"noreferrer noopener\" target=\"_blank\">http:\/\/www.youronlinechoices.com\/uk\/your-ad-choices<\/a>&nbsp;Die meisten Browser bieten zudem eine sog. \u201eDo-Not-Track-Funktion\u201c an, mit der Sie angeben k\u00f6nnen, dass Sie nicht von Websites \u201everfolgt\u201c werden m\u00f6chten. Wenn diese Funktion aktiviert ist, teilt der jeweilige Browser Werbenetzwerken, Websites und Anwendungen mit, dass Sie nicht zwecks verhaltensbasierter Werbung und \u00c4hnlichem verfolgt werden m\u00f6chten. Informationen und Anleitungen, wie Sie diese Funktion bearbeiten k\u00f6nnen, erhalten Sie je nach Anbieter Ihres Browsers, unter den nachfolgenden Links:<\/p>\n\n\n\n<ul class=\"wp-block-list\">\n<li>Google Chrome:&nbsp;<a href=\"https:\/\/support.google.com\/chrome\/answer\/2790761?co=GENIE.Platform%3DDesktop&amp;hl=de\" target=\"_blank\" rel=\"noreferrer noopener\">https:\/\/support.google.com\/chrome\/answer\/2790761?co=GENIE.Platform%3DDesktop&amp;hl=de<\/a><\/li>\n\n\n\n<li>Mozilla Firefox:&nbsp;<a href=\"https:\/\/www.mozilla.org\/de\/firefox\/dnt\/\" target=\"_blank\" rel=\"noreferrer noopener\">https:\/\/www.mozilla.org\/de\/firefox\/dnt\/<\/a><\/li>\n\n\n\n<li>Internet Explorer:&nbsp;<a href=\"https:\/\/support.microsoft.com\/de-de\/help\/17288\/windows-internet-explorer-11-use-do-not-track\" target=\"_blank\" rel=\"noreferrer noopener\">https:\/\/support.microsoft.com\/de-de\/help\/17288\/windows-internet-explorer-11-use-do-not-track<\/a><\/li>\n\n\n\n<li>Opera:&nbsp;<a href=\"http:\/\/help.opera.com\/Windows\/12.10\/de\/notrack.html\" target=\"_blank\" rel=\"noreferrer noopener\">http:\/\/help.opera.com\/Windows\/12.10\/de\/notrack.html<\/a><\/li>\n\n\n\n<li>Safari:&nbsp;<a href=\"https:\/\/support.apple.com\/kb\/PH21416?locale=de_DE\" target=\"_blank\" rel=\"noreferrer noopener\">https:\/\/support.apple.com\/kb\/PH21416?locale=de_DE<\/a><\/li>\n<\/ul>\n\n\n\n<p>Zus\u00e4tzlich k\u00f6nnen Sie standardm\u00e4\u00dfig das Laden sog. Scripts verhindern. NoScript erlaubt das Ausf\u00fchren von JavaScripts, Java und anderen Plug-ins nur bei vertrauensw\u00fcrdigen Domains Ihrer Wahl. Informationen und Anleitungen, wie Sie diese Funktion bearbeiten k\u00f6nnen, erhalten Sie \u00fcber den Anbieter Ihres Browsers (z. B. f\u00fcr Mozilla Firefox unter:&nbsp;<a href=\"https:\/\/addons.mozilla.org\/de\/firefox\/addon\/noscript\/\" rel=\"noreferrer noopener\" target=\"_blank\">https:\/\/addons.mozilla.org\/de\/firefox\/addon\/noscript\/<\/a>). Bitte beachten Sie, dass bei der Deaktivierung von Cookies die Funktionalit\u00e4t dieser Website eingeschr\u00e4nkt sein kann.<\/p>\n\n\n\n<h3 class=\"wp-block-heading\">Datenweitergabe und Empf\u00e4nger<\/h3>\n\n\n\n<p>Eine \u00dcbermittlung Ihrer personenbezogenen Daten an Dritte findet nicht statt, au\u00dfer<\/p>\n\n\n\n<ul class=\"wp-block-list\">\n<li>wenn wir in der Beschreibung der jeweiligen Datenverarbeitung explizit darauf hingewiesen haben.<\/li>\n\n\n\n<li>wenn Sie ausdr\u00fcckliche Einwilligung nach Art. 6 Abs. 1 S. 1 lit. a DSGVO dazu erteilt haben,<\/li>\n\n\n\n<li>die Weitergabe nach Art. 6 Abs. 1 S. 1 lit. f DSGVO zur Geltendmachung, Aus\u00fcbung oder Verteidigung von Rechtsanspr\u00fcchen erforderlich ist und kein Grund zur Annahme besteht, dass Sie ein \u00fcberwiegendes schutzw\u00fcrdiges Interesse an der Nichtweitergabe Ihrer Daten haben,<\/li>\n\n\n\n<li>im Falle, dass f\u00fcr die Weitergabe nach Art. 6 Abs. 1 S. 1 lit. c DSGVO eine gesetzliche Verpflichtung besteht und<\/li>\n\n\n\n<li>soweit dies nach Art. 6 Abs. 1 S. 1 lit. b DSGVO f\u00fcr die Abwicklung von Vertragsverh\u00e4ltnissen mit Ihnen erforderlich ist.<\/li>\n<\/ul>\n\n\n\n<p>Wir nutzen dar\u00fcber hinaus f\u00fcr die Abwicklung unserer Services externe Dienstleister, die wir sorgf\u00e4ltig ausgew\u00e4hlt und schriftlich beauftragt haben. Sie sind an unsere Weisungen gebunden und werden von uns regelm\u00e4\u00dfig kontrolliert. Mit welchen wir erforderlichenfalls Auftragsverarbeitungsvertr\u00e4ge gem. Art. 28 DSGVO geschlossen haben. Diese sind Dienstleister f\u00fcr das Webhosting, den Versand von E-Mails sowie Wartung und Pflege unserer IT-Systemen usw. Die Dienstleister werden diese Daten nicht an Dritte weitergeben.<\/p>\n\n\n\n<h3 class=\"wp-block-heading\">Dauer der Speicherung personenbezogener Daten<\/h3>\n\n\n\n<p>Die Dauer der Speicherung von personenbezogenen Daten bemisst sich an den einschl\u00e4gigen gesetzlichen Aufbewahrungsfristen (z. B. aus dem Handelsrecht und dem Steuerrecht). Nach Ablauf der jeweiligen Frist werden die entsprechenden Daten routinem\u00e4\u00dfig gel\u00f6scht. Sofern Daten zur Vertragserf\u00fcllung oder Vertragsanbahnung erforderlich sind oder unsererseits ein berechtigtes Interesse an der Weiterspeicherung besteht, werden die Daten gel\u00f6scht, wenn Sie zu diesen Zwecken nicht mehr erforderlich sind oder Sie von Ihrem Widerrufs- oder Widerspruchsrecht Gebrauch gemacht machen.<\/p>\n\n\n\n<h3 class=\"wp-block-heading\">Ihre Rechte<\/h3>\n\n\n\n<p>Im Folgenden finden Sie Informationen dazu, welche Betroffenenrechte das geltende Datenschutzrecht Ihnen gegen\u00fcber dem Verantwortlichen hinsichtlich der Verarbeitung Ihrer personenbezogenen Daten gew\u00e4hrt:<\/p>\n\n\n\n<p>Das Recht, gem\u00e4\u00df Art. 15 DSGVO Auskunft \u00fcber Ihre von uns verarbeiteten personenbezogenen Daten zu verlangen.&nbsp;<br>Insbesondere k\u00f6nnen Sie Auskunft \u00fcber die Verarbeitungszwecke, die Kategorie der personenbezogenen Daten, die Kategorien von Empf\u00e4ngern, gegen\u00fcber denen Ihre Daten offengelegt wurden oder werden, die geplante Speicherdauer, das Bestehen eines Rechts auf Berichtigung, L\u00f6schung, Einschr\u00e4nkung der Verarbeitung oder Widerspruch, das Bestehen eines Beschwerderechts, die Herkunft ihrer Daten, sofern diese nicht bei uns erhoben wurden, sowie \u00fcber das Bestehen einer automatisierten Entscheidungsfindung einschlie\u00dflich Profiling und ggf. aussagekr\u00e4ftigen Informationen zu deren Einzelheiten verlangen.<\/p>\n\n\n\n<p>Das Recht, gem\u00e4\u00df Art. 16 DSGVO unverz\u00fcglich die Berichtigung unrichtiger oder Vervollst\u00e4ndigung Ihrer bei uns gespeicherten personenbezogenen Daten zu verlangen.<\/p>\n\n\n\n<p>Das Recht, gem\u00e4\u00df Art. 17 DSGVO die L\u00f6schung Ihrer bei uns gespeicherten personenbezogenen Daten zu verlangen, soweit nicht die Verarbeitung zur Aus\u00fcbung des Rechts auf freie Meinungs\u00e4u\u00dferung und Information, zur Erf\u00fcllung einer rechtlichen Verpflichtung, aus Gr\u00fcnden des \u00f6ffentlichen Interesses oder zur Geltendmachung, Aus\u00fcbung oder Verteidigung von Rechtsanspr\u00fcchen erforderlich ist.<\/p>\n\n\n\n<p>Das Recht, gem\u00e4\u00df Art. 18 DSGVO die Einschr\u00e4nkung der Verarbeitung Ihrer personenbezogenen Daten zu verlangen, soweit die Richtigkeit der Daten von Ihnen bestritten wird, die Verarbeitung unrechtm\u00e4\u00dfig ist, Sie aber deren L\u00f6schung ablehnen und wir die Daten nicht mehr ben\u00f6tigen, Sie jedoch diese zur Geltendmachung, Aus\u00fcbung oder Verteidigung von Rechtsanspr\u00fcchen ben\u00f6tigen oder Sie gem\u00e4\u00df Art. 21 DSGVO Widerspruch gegen die Verarbeitung eingelegt haben.<\/p>\n\n\n\n<p>Das Recht, gem\u00e4\u00df Art. 20 DSGVO Ihre personenbezogenen Daten, die Sie uns bereitgestellt haben, in einem strukturierten, g\u00e4ngigen und maschinenlesebaren Format zu erhalten oder die \u00dcbermittlung an einen anderen Verantwortlichen zu verlangen.<\/p>\n\n\n\n<p>Das Recht, sich gem\u00e4\u00df Art. 77 DSGVO bei einer Aufsichtsbeh\u00f6rde zu beschweren. In der Regel k\u00f6nnen Sie sich hierf\u00fcr an die Aufsichtsbeh\u00f6rde des Bundeslandes unseres oben angegebenen Sitzes oder ggf. die Ihres \u00fcblichen Aufenthaltsortes oder Arbeitsplatzes wenden.<\/p>\n\n\n\n<p>Recht auf Widerruf erteilter Einwilligungen gem\u00e4\u00df Art. 7 Abs. 3 DSGVO: Sie haben das Recht, eine einmal erteilte Einwilligung in die Verarbeitung von Daten jederzeit mit Wirkung f\u00fcr die Zukunft zu widerrufen. Im Falle des Widerrufs werden wir die betroffenen Daten unverz\u00fcglich l\u00f6schen, sofern eine weitere Verarbeitung nicht auf eine Rechtsgrundlage zur einwilligungslosen Verarbeitung gest\u00fctzt werden kann. Durch den Widerruf der Einwilligung wird die Rechtm\u00e4\u00dfigkeit der aufgrund der Einwilligung bis zum Widerruf erfolgten Verarbeitung nicht ber\u00fchrt.<\/p>\n\n\n\n<h3 class=\"wp-block-heading\">Widerspruchsrecht<\/h3>\n\n\n\n<p>Sofern Ihre personenbezogenen Daten von uns auf Grundlage von berechtigten Interessen gem\u00e4\u00df Art. 6 Abs. 1 S. 1 lit. f DSGVO verarbeitet werden, haben Sie gem\u00e4\u00df Art. 21 DSGVO das Recht, Widerspruch gegen die Verarbeitung Ihrer personenbezogenen Daten einzulegen, soweit dies aus Gr\u00fcnde erfolgt, die sich aus Ihrer besonderen Situation ergeben. Soweit sich der Widerspruch gegen die Verarbeitung personenbezogener Daten zum Zwecke von Direktwerbung richtet, haben Sie ein generelles Widerspruchsrecht ohne das Erfordernis der Angabe einer besonderen Situation. M\u00f6chten Sie von Ihrem Widerrufs- oder Widerspruchsrecht Gebrauch machen, gen\u00fcgt eine E-Mail&nbsp;<a>dancingpoopay+at+gmail.com<\/a>.<\/p>\n\n\n\n<h3 class=\"wp-block-heading\">Externe Verlinkungen<\/h3>\n\n\n\n<p>Soziale Netzwerke (Facebook, Twitter, Xing etc.) sind auf unserer Webseite lediglich als Link zu den entsprechenden Diensten eingebunden. Nach dem Anklicken des eingebundenen Text-\/Bild-Links werden Sie auf die Seite des jeweiligen Anbieters weitergeleitet. Erst nach der Weiterleitung werden Nutzerinformationen an den jeweiligen Anbieter \u00fcbertragen. Informationen zum Umgang mit Ihren personenbezogenen Daten bei Nutzung dieser Webseiten entnehmen Sie bitte den jeweiligen Datenschutzbestimmungen der von Ihnen genutzten Anbieter.&nbsp;<\/p>\n\n\n\n<h3 class=\"wp-block-heading\">\u00c4nderungsvorbehalt<\/h3>\n\n\n\n<p>Wir behalten uns vor, diese Datenschutzerkl\u00e4rung erforderlichenfalls unter Beachtung der geltenden Datenschutzvorschriften anzupassen bzw. zu aktualisieren. Auf diese Weise k\u00f6nnen wir sie den aktuellen rechtlichen Anforderungen anpassen und \u00c4nderungen unserer Leistungen ber\u00fccksichtigen, z. B. bei der Einf\u00fchrung neuer Services. F\u00fcr Ihren Besuch gilt die jeweils aktuellste Fassung.<\/p>\n\n\n\n<p>Diese Datenschutzerkl\u00e4rung wurde erstellt durch&nbsp;<a href=\"https:\/\/www.datenschutzexperte.de\/\">www.datenschutzexperte.de<\/a><\/p>\n\n\n\n<p>Stand dieser Datenschutzerkl\u00e4rung:&nbsp;19.11.2020<\/p>\n","protected":false},"excerpt":{"rendered":"<p>Einleitung und allgemeine Angaben Vielen Dank f\u00fcr Ihr Interesse an unserer Website. Der Schutz Ihrer personenbezogenen Daten ist uns ein sehr wichtiges Anliegen. Im Folgenden finden Sie Informationen zum Umgang mit Ihren Daten, die durch Ihre Nutzung unserer Website erfasst werden. Die Verarbeitung Ihrer Daten erfolgt entsprechend den gesetzlichen Regelungen zum Datenschutz. Verantwortliche Stelle im [&hellip;]<\/p>\n","protected":false},"author":2,"featured_media":0,"parent":0,"menu_order":10,"comment_status":"closed","ping_status":"closed","template":"","meta":{"site-sidebar-layout":"default","site-content-layout":"default","ast-site-content-layout":"default","site-content-style":"default","site-sidebar-style":"default","ast-global-header-display":"","ast-banner-title-visibility":"","ast-main-header-display":"","ast-hfb-above-header-display":"","ast-hfb-below-header-display":"","ast-hfb-mobile-header-display":"","site-post-title":"disabled","ast-breadcrumbs-content":"","ast-featured-img":"","footer-sml-layout":"","ast-disable-related-posts":"","theme-transparent-header-meta":"default","adv-header-id-meta":"","stick-header-meta":"","header-above-stick-meta":"","header-main-stick-meta":"","header-below-stick-meta":"","astra-migrate-meta-layouts":"default","ast-page-background-enabled":"default","ast-page-background-meta":{"desktop":{"background-color":"var(--ast-global-color-4)","background-image":"","background-repeat":"repeat","background-position":"center center","background-size":"auto","background-attachment":"scroll","background-type":"","background-media":"","overlay-type":"","overlay-color":"","overlay-opacity":"","overlay-gradient":""},"tablet":{"background-color":"","background-image":"","background-repeat":"repeat","background-position":"center center","background-size":"auto","background-attachment":"scroll","background-type":"","background-media":"","overlay-type":"","overlay-color":"","overlay-opacity":"","overlay-gradient":""},"mobile":{"background-color":"","background-image":"","background-repeat":"repeat","background-position":"center center","background-size":"auto","background-attachment":"scroll","background-type":"","background-media":"","overlay-type":"","overlay-color":"","overlay-opacity":"","overlay-gradient":""}},"ast-content-background-meta":{"desktop":{"background-color":"var(--ast-global-color-5)","background-image":"","background-repeat":"repeat","background-position":"center center","background-size":"auto","background-attachment":"scroll","background-type":"","background-media":"","overlay-type":"","overlay-color":"","overlay-opacity":"","overlay-gradient":""},"tablet":{"background-color":"var(--ast-global-color-5)","background-image":"","background-repeat":"repeat","background-position":"center center","background-size":"auto","background-attachment":"scroll","background-type":"","background-media":"","overlay-type":"","overlay-color":"","overlay-opacity":"","overlay-gradient":""},"mobile":{"background-color":"var(--ast-global-color-5)","background-image":"","background-repeat":"repeat","background-position":"center center","background-size":"auto","background-attachment":"scroll","background-type":"","background-media":"","overlay-type":"","overlay-color":"","overlay-opacity":"","overlay-gradient":""}},"footnotes":""},"class_list":["post-1500","page","type-page","status-publish","hentry"],"_links":{"self":[{"href":"https:\/\/teresa-isabella.de\/index.php?rest_route=\/wp\/v2\/pages\/1500","targetHints":{"allow":["GET"]}}],"collection":[{"href":"https:\/\/teresa-isabella.de\/index.php?rest_route=\/wp\/v2\/pages"}],"about":[{"href":"https:\/\/teresa-isabella.de\/index.php?rest_route=\/wp\/v2\/types\/page"}],"author":[{"embeddable":true,"href":"https:\/\/teresa-isabella.de\/index.php?rest_route=\/wp\/v2\/users\/2"}],"replies":[{"embeddable":true,"href":"https:\/\/teresa-isabella.de\/index.php?rest_route=%2Fwp%2Fv2%2Fcomments&post=1500"}],"version-history":[{"count":7,"href":"https:\/\/teresa-isabella.de\/index.php?rest_route=\/wp\/v2\/pages\/1500\/revisions"}],"predecessor-version":[{"id":1995,"href":"https:\/\/teresa-isabella.de\/index.php?rest_route=\/wp\/v2\/pages\/1500\/revisions\/1995"}],"wp:attachment":[{"href":"https:\/\/teresa-isabella.de\/index.php?rest_route=%2Fwp%2Fv2%2Fmedia&parent=1500"}],"curies":[{"name":"wp","href":"https:\/\/api.w.org\/{rel}","templated":true}]}}