{"id":1612,"date":"2021-08-11T23:10:11","date_gmt":"2021-08-11T21:10:11","guid":{"rendered":"https:\/\/teresa-isabella.de\/?page_id=1612"},"modified":"2026-03-30T13:19:50","modified_gmt":"2026-03-30T11:19:50","slug":"news-2","status":"publish","type":"page","link":"https:\/\/teresa-isabella.de\/?page_id=1612","title":{"rendered":"Sie treffen sich \u00fcber Wasser"},"content":{"rendered":"\n<div style=\"height:32px\" aria-hidden=\"true\" class=\"wp-block-spacer\"><\/div>\n\n\n\n<h3 class=\"wp-block-heading\"><\/h3>\n\n\n\n<h3 class=\"wp-block-heading\">Idea \/ speaker \/ Performance: Hartmut Andres<\/h3>\n\n\n\n<h3 class=\"wp-block-heading\">Choreography \/ Performance: Teresa Isabella Mayer<\/h3>\n\n\n\n<div style=\"height:54px\" aria-hidden=\"true\" class=\"wp-block-spacer\"><\/div>\n\n\n\n<figure class=\"wp-block-image size-large\"><img loading=\"lazy\" decoding=\"async\" width=\"1024\" height=\"737\" src=\"https:\/\/teresa-isabella.de\/wp-content\/uploads\/2022\/04\/Sie-treffen-sich-Kulturnacht-1024x737.jpeg\" alt=\"\" class=\"wp-image-1729\" srcset=\"https:\/\/teresa-isabella.de\/wp-content\/uploads\/2022\/04\/Sie-treffen-sich-Kulturnacht-1024x737.jpeg 1024w, https:\/\/teresa-isabella.de\/wp-content\/uploads\/2022\/04\/Sie-treffen-sich-Kulturnacht-300x216.jpeg 300w, https:\/\/teresa-isabella.de\/wp-content\/uploads\/2022\/04\/Sie-treffen-sich-Kulturnacht-768x553.jpeg 768w, https:\/\/teresa-isabella.de\/wp-content\/uploads\/2022\/04\/Sie-treffen-sich-Kulturnacht.jpeg 1280w\" sizes=\"auto, (max-width: 1024px) 100vw, 1024px\" \/><\/figure>\n\n\n\n<div style=\"height:100px\" aria-hidden=\"true\" class=\"wp-block-spacer\"><\/div>\n\n\n\n<p>The elementary things in life seem so certain and settled, so taken for granted, that we don&#8217;t usually wonder if they really are. At the moment, however, we are all becoming aware of how fixed structures and habits can be questioned and how nothing really seems to be planned anymore. A certain feeling of being lost and powerless is spreading in our society.<br>The performance \u201cThey meet over water\u201d approaches this phenomenon by primarily using texts and structures that depend on chance as the working basis. This makes it possible for things to come into contact with one another and for relationships to develop that were previously unthinkable. Suddenly new perspectives arise, conventions are questioned. Uncertainty becomes opportunity!<\/p>\n\n\n\n<div style=\"height:28px\" aria-hidden=\"true\" class=\"wp-block-spacer\"><\/div>\n\n\n\n<p><\/p>\n\n\n\n<p><\/p>\n\n\n\n<p><\/p>\n\n\n\n<p><\/p>\n\n\n\n<p>supported by: Universit\u00e4tsstadt T\u00fcbingen, SWT, B\u00fcrgerstiftung T\u00fcbingen und vom Ministerium f\u00fcr Wissenschaft, Forschung &amp; Kunst<\/p>\n\n\n\n<div style=\"height:48px\" aria-hidden=\"true\" class=\"wp-block-spacer\"><\/div>\n\n\n\n<figure class=\"wp-block-video\"><video height=\"720\" style=\"aspect-ratio: 1280 \/ 720;\" width=\"1280\" controls src=\"https:\/\/teresa-isabella.de\/wp-content\/uploads\/2021\/11\/Sie-treffen-sich-uber-Wasser-Trailer-Musik.mp4\"><\/video><\/figure>\n\n\n\n<p><\/p>\n","protected":false},"excerpt":{"rendered":"<p>Idea \/ speaker \/ Performance: Hartmut Andres Choreography \/ Performance: Teresa Isabella Mayer The elementary things in life seem so certain and settled, so taken for granted, that we don&#8217;t usually wonder if they really are. At the moment, however, we are all becoming aware of how fixed structures and habits can be questioned and [&hellip;]<\/p>\n","protected":false},"author":2,"featured_media":0,"parent":5,"menu_order":3,"comment_status":"closed","ping_status":"closed","template":"","meta":{"site-sidebar-layout":"default","site-content-layout":"default","ast-site-content-layout":"default","site-content-style":"default","site-sidebar-style":"default","ast-global-header-display":"","ast-banner-title-visibility":"","ast-main-header-display":"","ast-hfb-above-header-display":"","ast-hfb-below-header-display":"","ast-hfb-mobile-header-display":"","site-post-title":"","ast-breadcrumbs-content":"","ast-featured-img":"","footer-sml-layout":"","ast-disable-related-posts":"","theme-transparent-header-meta":"default","adv-header-id-meta":"","stick-header-meta":"","header-above-stick-meta":"","header-main-stick-meta":"","header-below-stick-meta":"","astra-migrate-meta-layouts":"default","ast-page-background-enabled":"default","ast-page-background-meta":{"desktop":{"background-color":"var(--ast-global-color-4)","background-image":"","background-repeat":"repeat","background-position":"center center","background-size":"auto","background-attachment":"scroll","background-type":"","background-media":"","overlay-type":"","overlay-color":"","overlay-opacity":"","overlay-gradient":""},"tablet":{"background-color":"","background-image":"","background-repeat":"repeat","background-position":"center center","background-size":"auto","background-attachment":"scroll","background-type":"","background-media":"","overlay-type":"","overlay-color":"","overlay-opacity":"","overlay-gradient":""},"mobile":{"background-color":"","background-image":"","background-repeat":"repeat","background-position":"center center","background-size":"auto","background-attachment":"scroll","background-type":"","background-media":"","overlay-type":"","overlay-color":"","overlay-opacity":"","overlay-gradient":""}},"ast-content-background-meta":{"desktop":{"background-color":"var(--ast-global-color-5)","background-image":"","background-repeat":"repeat","background-position":"center center","background-size":"auto","background-attachment":"scroll","background-type":"","background-media":"","overlay-type":"","overlay-color":"","overlay-opacity":"","overlay-gradient":""},"tablet":{"background-color":"var(--ast-global-color-5)","background-image":"","background-repeat":"repeat","background-position":"center center","background-size":"auto","background-attachment":"scroll","background-type":"","background-media":"","overlay-type":"","overlay-color":"","overlay-opacity":"","overlay-gradient":""},"mobile":{"background-color":"var(--ast-global-color-5)","background-image":"","background-repeat":"repeat","background-position":"center center","background-size":"auto","background-attachment":"scroll","background-type":"","background-media":"","overlay-type":"","overlay-color":"","overlay-opacity":"","overlay-gradient":""}},"footnotes":""},"class_list":["post-1612","page","type-page","status-publish","hentry"],"_links":{"self":[{"href":"https:\/\/teresa-isabella.de\/index.php?rest_route=\/wp\/v2\/pages\/1612","targetHints":{"allow":["GET"]}}],"collection":[{"href":"https:\/\/teresa-isabella.de\/index.php?rest_route=\/wp\/v2\/pages"}],"about":[{"href":"https:\/\/teresa-isabella.de\/index.php?rest_route=\/wp\/v2\/types\/page"}],"author":[{"embeddable":true,"href":"https:\/\/teresa-isabella.de\/index.php?rest_route=\/wp\/v2\/users\/2"}],"replies":[{"embeddable":true,"href":"https:\/\/teresa-isabella.de\/index.php?rest_route=%2Fwp%2Fv2%2Fcomments&post=1612"}],"version-history":[{"count":30,"href":"https:\/\/teresa-isabella.de\/index.php?rest_route=\/wp\/v2\/pages\/1612\/revisions"}],"predecessor-version":[{"id":2374,"href":"https:\/\/teresa-isabella.de\/index.php?rest_route=\/wp\/v2\/pages\/1612\/revisions\/2374"}],"up":[{"embeddable":true,"href":"https:\/\/teresa-isabella.de\/index.php?rest_route=\/wp\/v2\/pages\/5"}],"wp:attachment":[{"href":"https:\/\/teresa-isabella.de\/index.php?rest_route=%2Fwp%2Fv2%2Fmedia&parent=1612"}],"curies":[{"name":"wp","href":"https:\/\/api.w.org\/{rel}","templated":true}]}}