{"id":1962,"date":"2024-12-05T22:19:10","date_gmt":"2024-12-05T21:19:10","guid":{"rendered":"https:\/\/teresa-isabella.de\/?page_id=1962"},"modified":"2026-04-17T20:46:41","modified_gmt":"2026-04-17T18:46:41","slug":"peyote-reise-nach-wirikuta","status":"publish","type":"page","link":"https:\/\/teresa-isabella.de\/?page_id=1962","title":{"rendered":"Peyote &#8211; Reise nach Wirikuta"},"content":{"rendered":"\n<div style=\"height:45px\" aria-hidden=\"true\" class=\"wp-block-spacer\"><\/div>\n\n\n\n<h3 class=\"wp-block-heading\">Premiere: 29th of November 2024 at Sudhaus T\u00fcbingen<\/h3>\n\n\n\n<h3 class=\"wp-block-heading\">Concept, Choreography, Performance, Costume: Teresa Isabella Mayer<\/h3>\n\n\n\n<h3 class=\"wp-block-heading\">Vocal artist, Performance: Saadet T\u00fcrk\u00f6z<\/h3>\n\n\n\n<h3 class=\"wp-block-heading\">Music: H\u00e4k\/Danzeisen<\/h3>\n\n\n\n<h3 class=\"wp-block-heading\">Stage design: Eckhard Hennig<\/h3>\n\n\n\n<div style=\"height:100px\" aria-hidden=\"true\" class=\"wp-block-spacer\"><\/div>\n\n\n\n<figure class=\"wp-block-gallery has-nested-images columns-default is-cropped wp-block-gallery-1 is-layout-flex wp-block-gallery-is-layout-flex\">\n<figure class=\"wp-block-image size-large\"><img loading=\"lazy\" decoding=\"async\" width=\"1024\" height=\"646\" data-id=\"1985\" src=\"https:\/\/teresa-isabella.de\/wp-content\/uploads\/2024\/12\/DSC_3028-1-1024x646.jpeg\" alt=\"\" class=\"wp-image-1985\" srcset=\"https:\/\/teresa-isabella.de\/wp-content\/uploads\/2024\/12\/DSC_3028-1-1024x646.jpeg 1024w, https:\/\/teresa-isabella.de\/wp-content\/uploads\/2024\/12\/DSC_3028-1-300x189.jpeg 300w, https:\/\/teresa-isabella.de\/wp-content\/uploads\/2024\/12\/DSC_3028-1-768x485.jpeg 768w, https:\/\/teresa-isabella.de\/wp-content\/uploads\/2024\/12\/DSC_3028-1-1536x970.jpeg 1536w, https:\/\/teresa-isabella.de\/wp-content\/uploads\/2024\/12\/DSC_3028-1-2048x1293.jpeg 2048w\" sizes=\"auto, (max-width: 1024px) 100vw, 1024px\" \/><\/figure>\n<\/figure>\n\n\n\n<div style=\"height:100px\" aria-hidden=\"true\" class=\"wp-block-spacer\"><\/div>\n\n\n\n<p>The performance takes the audience on a journey that binds body and sound into rhythmic structures and transfers them into new poetic spaces. The dialogue between dance and voice transforms the boundaries of movement and sound, opens up new worlds of experience and leads to a sensory experience that dissolves and sets new boundaries.<\/p>\n\n\n\n<div style=\"height:100px\" aria-hidden=\"true\" class=\"wp-block-spacer\"><\/div>\n\n\n\n<figure class=\"wp-block-image size-large is-resized\"><img loading=\"lazy\" decoding=\"async\" width=\"1024\" height=\"1024\" src=\"https:\/\/teresa-isabella.de\/wp-content\/uploads\/2024\/12\/DSC_3251-1024x1024.jpeg\" alt=\"\" class=\"wp-image-1961\" style=\"width:564px;height:auto\" srcset=\"https:\/\/teresa-isabella.de\/wp-content\/uploads\/2024\/12\/DSC_3251-1024x1024.jpeg 1024w, https:\/\/teresa-isabella.de\/wp-content\/uploads\/2024\/12\/DSC_3251-300x300.jpeg 300w, https:\/\/teresa-isabella.de\/wp-content\/uploads\/2024\/12\/DSC_3251-150x150.jpeg 150w, https:\/\/teresa-isabella.de\/wp-content\/uploads\/2024\/12\/DSC_3251-768x768.jpeg 768w, https:\/\/teresa-isabella.de\/wp-content\/uploads\/2024\/12\/DSC_3251-1536x1536.jpeg 1536w, https:\/\/teresa-isabella.de\/wp-content\/uploads\/2024\/12\/DSC_3251-2048x2048.jpeg 2048w, https:\/\/teresa-isabella.de\/wp-content\/uploads\/2024\/12\/DSC_3251-scaled-200x200.jpeg 200w, https:\/\/teresa-isabella.de\/wp-content\/uploads\/2024\/12\/DSC_3251-scaled-600x600.jpeg 600w, https:\/\/teresa-isabella.de\/wp-content\/uploads\/2024\/12\/DSC_3251-scaled-1000x1000.jpeg 1000w, https:\/\/teresa-isabella.de\/wp-content\/uploads\/2024\/12\/DSC_3251-scaled-620x620.jpeg 620w, https:\/\/teresa-isabella.de\/wp-content\/uploads\/2024\/12\/DSC_3251-scaled-400x400.jpeg 400w, https:\/\/teresa-isabella.de\/wp-content\/uploads\/2024\/12\/DSC_3251-scaled-1200x1200.jpeg 1200w, https:\/\/teresa-isabella.de\/wp-content\/uploads\/2024\/12\/DSC_3251-scaled-800x800.jpeg 800w\" sizes=\"auto, (max-width: 1024px) 100vw, 1024px\" \/><\/figure>\n\n\n\n<figure class=\"wp-block-gallery has-nested-images columns-default is-cropped wp-block-gallery-2 is-layout-flex wp-block-gallery-is-layout-flex\"><\/figure>\n\n\n\n<div style=\"height:110px\" aria-hidden=\"true\" class=\"wp-block-spacer\"><\/div>\n","protected":false},"excerpt":{"rendered":"<p>Premiere: 29th of November 2024 at Sudhaus T\u00fcbingen Concept, Choreography, Performance, Costume: Teresa Isabella Mayer Vocal artist, Performance: Saadet T\u00fcrk\u00f6z Music: H\u00e4k\/Danzeisen Stage design: Eckhard Hennig The performance takes the audience on a journey that binds body and sound into rhythmic structures and transfers them into new poetic spaces. The dialogue between dance and voice [&hellip;]<\/p>\n","protected":false},"author":2,"featured_media":0,"parent":5,"menu_order":0,"comment_status":"closed","ping_status":"closed","template":"","meta":{"site-sidebar-layout":"default","site-content-layout":"default","ast-site-content-layout":"default","site-content-style":"default","site-sidebar-style":"default","ast-global-header-display":"","ast-banner-title-visibility":"","ast-main-header-display":"","ast-hfb-above-header-display":"","ast-hfb-below-header-display":"","ast-hfb-mobile-header-display":"","site-post-title":"","ast-breadcrumbs-content":"","ast-featured-img":"","footer-sml-layout":"","ast-disable-related-posts":"","theme-transparent-header-meta":"default","adv-header-id-meta":"","stick-header-meta":"","header-above-stick-meta":"","header-main-stick-meta":"","header-below-stick-meta":"","astra-migrate-meta-layouts":"set","ast-page-background-enabled":"default","ast-page-background-meta":{"desktop":{"background-color":"var(--ast-global-color-4)","background-image":"","background-repeat":"repeat","background-position":"center center","background-size":"auto","background-attachment":"scroll","background-type":"","background-media":"","overlay-type":"","overlay-color":"","overlay-opacity":"","overlay-gradient":""},"tablet":{"background-color":"","background-image":"","background-repeat":"repeat","background-position":"center center","background-size":"auto","background-attachment":"scroll","background-type":"","background-media":"","overlay-type":"","overlay-color":"","overlay-opacity":"","overlay-gradient":""},"mobile":{"background-color":"","background-image":"","background-repeat":"repeat","background-position":"center center","background-size":"auto","background-attachment":"scroll","background-type":"","background-media":"","overlay-type":"","overlay-color":"","overlay-opacity":"","overlay-gradient":""}},"ast-content-background-meta":{"desktop":{"background-color":"var(--ast-global-color-5)","background-image":"","background-repeat":"repeat","background-position":"center center","background-size":"auto","background-attachment":"scroll","background-type":"","background-media":"","overlay-type":"","overlay-color":"","overlay-opacity":"","overlay-gradient":""},"tablet":{"background-color":"var(--ast-global-color-5)","background-image":"","background-repeat":"repeat","background-position":"center center","background-size":"auto","background-attachment":"scroll","background-type":"","background-media":"","overlay-type":"","overlay-color":"","overlay-opacity":"","overlay-gradient":""},"mobile":{"background-color":"var(--ast-global-color-5)","background-image":"","background-repeat":"repeat","background-position":"center center","background-size":"auto","background-attachment":"scroll","background-type":"","background-media":"","overlay-type":"","overlay-color":"","overlay-opacity":"","overlay-gradient":""}},"footnotes":""},"class_list":["post-1962","page","type-page","status-publish","hentry"],"_links":{"self":[{"href":"https:\/\/teresa-isabella.de\/index.php?rest_route=\/wp\/v2\/pages\/1962","targetHints":{"allow":["GET"]}}],"collection":[{"href":"https:\/\/teresa-isabella.de\/index.php?rest_route=\/wp\/v2\/pages"}],"about":[{"href":"https:\/\/teresa-isabella.de\/index.php?rest_route=\/wp\/v2\/types\/page"}],"author":[{"embeddable":true,"href":"https:\/\/teresa-isabella.de\/index.php?rest_route=\/wp\/v2\/users\/2"}],"replies":[{"embeddable":true,"href":"https:\/\/teresa-isabella.de\/index.php?rest_route=%2Fwp%2Fv2%2Fcomments&post=1962"}],"version-history":[{"count":16,"href":"https:\/\/teresa-isabella.de\/index.php?rest_route=\/wp\/v2\/pages\/1962\/revisions"}],"predecessor-version":[{"id":2966,"href":"https:\/\/teresa-isabella.de\/index.php?rest_route=\/wp\/v2\/pages\/1962\/revisions\/2966"}],"up":[{"embeddable":true,"href":"https:\/\/teresa-isabella.de\/index.php?rest_route=\/wp\/v2\/pages\/5"}],"wp:attachment":[{"href":"https:\/\/teresa-isabella.de\/index.php?rest_route=%2Fwp%2Fv2%2Fmedia&parent=1962"}],"curies":[{"name":"wp","href":"https:\/\/api.w.org\/{rel}","templated":true}]}}